{"id":8038,"date":"2024-10-16T15:18:38","date_gmt":"2024-10-16T15:18:38","guid":{"rendered":"https:\/\/cmtm.legal-core.com\/?page_id=8038"},"modified":"2024-10-16T19:42:18","modified_gmt":"2024-10-16T19:42:18","slug":"cookies-policy","status":"publish","type":"page","link":"https:\/\/cmtm-mexico.com\/en\/cookies-policy\/","title":{"rendered":"Cookies policy"},"content":{"rendered":"\t\t<div data-elementor-type=\"wp-page\" data-elementor-id=\"8038\" class=\"elementor elementor-8038\" data-elementor-post-type=\"page\">\n\t\t\t\t\t\t<section class=\"elementor-section elementor-top-section elementor-element elementor-element-235ad358 elementor-section-content-middle elementor-section-stretched elementor-section-boxed elementor-section-height-default elementor-section-height-default\" data-id=\"235ad358\" data-element_type=\"section\" data-e-type=\"section\" data-settings=\"{&quot;stretch_section&quot;:&quot;section-stretched&quot;}\">\n\t\t\t\t\t\t<div class=\"elementor-container elementor-column-gap-extended\">\n\t\t\t\t\t<div class=\"elementor-column elementor-col-100 elementor-top-column elementor-element elementor-element-69e32de3 elementor-invisible\" data-id=\"69e32de3\" data-element_type=\"column\" data-e-type=\"column\" data-settings=\"{&quot;animation&quot;:&quot;fadeIn&quot;}\">\n\t\t\t<div class=\"elementor-widget-wrap elementor-element-populated\">\n\t\t\t\t\t\t<div class=\"elementor-element elementor-element-31868851 elementor-widget elementor-widget-heading\" data-id=\"31868851\" data-element_type=\"widget\" data-e-type=\"widget\" data-widget_type=\"heading.default\">\n\t\t\t\t<div class=\"elementor-widget-container\">\n\t\t\t\t\t<h2 class=\"elementor-heading-title elementor-size-default\">\u2013 COOKIES POLICY \u2013\n<\/h2>\t\t\t\t<\/div>\n\t\t\t\t<\/div>\n\t\t\t\t<div class=\"elementor-element elementor-element-7302ac03 elementor-widget elementor-widget-text-editor\" data-id=\"7302ac03\" data-element_type=\"widget\" data-e-type=\"widget\" data-widget_type=\"text-editor.default\">\n\t\t\t\t<div class=\"elementor-widget-container\">\n\t\t\t\t\t\t\t\t\t<p class=\"font_8\">In compliance with the provisions of article 22.2 of Law 34\/2002, of July 11, on Information Society Services and Electronic Commerce, this website informs you, in this section, about the collection policy and cookie processing.<\/p><p class=\"font_8\"><span class=\"wixGuard\">\u200b<\/span><\/p><h3 class=\"font_3\">WHAT ARE COOKIES?<\/h3><p class=\"font_8\">A cookie is a file that is downloaded to your computer when you access certain web pages. Cookies allow a website, among other things, to store and retrieve information about the browsing habits of a user or their equipment and, depending on the information they contain and the way you use your equipment, they can be used to recognize to user.<\/p><p class=\"font_8\"><span class=\"wixGuard\">\u200b<\/span>\u200b<\/p><p class=\"font_8\"><span class=\"wixGuard\">\u200b<\/span><\/p><h3 class=\"font_3\">WHAT TYPES OF COOKIES DOES THIS WEBSITE USE?<\/h3><p class=\"font_8\"><span class=\"wixGuard\">\u200b<\/span><\/p><p class=\"font_8\">This website uses the following types of cookies:<\/p><p class=\"font_8\">Analysis cookies: These are those that, well treated by us or by third parties, allow us to quantify the number of users and thus carry out the measurement and statistical analysis of the use made by users of the service offered. To do this, your navigation on our website is analyzed in order to improve the offer of products or services that we offer.<\/p><p class=\"font_8\">Technical cookies: These are those that allow the user to navigate through the restricted area and use its different functions, such as, for example, carrying out the purchase process of an item.<\/p><p class=\"font_8\">Personalization cookies: These are those that allow the user to access the service with some predefined general characteristics based on a series of criteria on the user\u2019s terminal, such as the language or the type of browser through which the user connects. service.<\/p><p class=\"font_8\">Advertising cookies: These are those that, whether treated by this website or by third parties, allow the offer of advertising spaces on the website to be managed in the most efficient way possible, adapting the content of the advertisement to the content of the requested service or the use. that you make from our website. To do this, we can analyze your Internet browsing habits and we can show you advertising related to your browsing profile.<\/p><p class=\"font_8\">Behavioral advertising cookies: These are those that allow the management, in the most efficient way possible, of the advertising spaces that, where appropriate, the editor has included in a web page, application or platform from which the requested service is provided. These types of cookies store information on the behavior of visitors obtained through continuous observation of their browsing habits, which allows the development of a specific profile to show advertising ads based on it.<\/p><p class=\"font_8\">\u200b<\/p><p class=\"font_8\">Google Adwords Conversion Cookies: Google Adwords Conversion tracking cookies allow us to know if the user performed certain actions on our websites after having viewed or clicked on one of our ads presented through Google.<a>https:\/\/support.google.com\/ads\/answer\/2662922?hl=en<\/a><\/p><p class=\"font_8\">Google Analytics:We use Google Analytics to know how our media campaigns work and how the user interacts with our website, in order to improve the service provided.<a>https:\/\/tools.google.com\/dlpage\/gaoptout<\/a><\/p><p class=\"font_8\">\u200b<\/p><p class=\"font_8\">Google (Remarketing): Google uses this cookie to understand what content you have interacted with on our websites, to be able to present certain personalized ads based on the content you have viewed, and to be able to tailor advertising you see on other Google partner websites.<a>\u00a0https:\/\/support.google.com\/ads\/answer\/2662922?hl=en<\/a><\/p><p class=\"font_8\">\u200b<\/p><p class=\"font_8\">Facebook: Facebook ayuda los usuarios a mantener el contacto con las personas de su red a trav\u00e9s de su sitio web o de su aplicaci\u00f3n m\u00f3vil. Le facilitamos a los usuarios que puedan compartir en Facebook cualquier contenido que les interese y, en ocasiones, podemos presentar en Facebook ciertos anuncios personalizados seg\u00fan las interacciones de los usuarios con nuestros sitios web.\u00a0<a>https:\/\/en-gb.facebook.com\/help\/568137493302217<\/a><\/p><p class=\"font_8\">\u200b<\/p><p class=\"font_8\">Facebook Pixel: We use the Facebook Pixel tracking feature to measure the efficiency of social media campaigns, relative to the Facebook platform.<\/p><p class=\"font_8\">\u200b<\/p><h3 class=\"font_3\">\u00a0<\/h3><h3 class=\"font_3\">DISABLE COOKIES.<\/h3><p class=\"font_8\">You can allow, block or delete cookies installed on your computer by configuring the options of the browser installed on your computer.<\/p><p class=\"font_8\">\u200b<\/p><p class=\"font_8\">Most web browsers offer the possibility of allowing, blocking or deleting cookies installed on your computer.<\/p><p class=\"font_8\">Below you can access the settings of the most common web browsers to accept, install or deactivate cookies:<\/p><p class=\"font_8\">Configure cookies in\u00a0<a>Google Chrome<\/a><\/p><p class=\"font_8\">Configure cookies in\u00a0<a>Microsoft Internet Explorer<\/a><\/p><p class=\"font_8\">Configure cookies in\u00a0<a>\u00a0Mozilla Firefox<\/a><\/p><p class=\"font_8\">Configure cookies in\u00a0<a>Safari (Apple)<\/a><\/p><h3 class=\"font_3\">\u200b<\/h3><h3 class=\"font_3\">THIRD PARTY COOKIES.<\/h3><p class=\"font_8\">This website uses third-party services to collect information for statistical and website use purposes. DoubleClick cookies are used to improve advertising on the website. They are used to target advertising according to the content that is relevant to a user, thus improving the quality of experience in its use.<\/p><p class=\"font_8\">Specifically, we use the services of Google Adsense and Google Analytics for our statistics and advertising. Some cookies are essential for the site to function, for example the built-in browser.<\/p><p class=\"font_8\">Our site includes other functionality provided by third parties. You can easily share the content on social networks such as Facebook, Twitter or Google +, with the buttons that we have included for this purpose.<\/p><h4 class=\"font_4\">\u00a0<\/h4><h4 class=\"font_4\">WARNING ABOUT DELETING COOKIES.<\/h4><p class=\"font_8\"><span class=\"wixGuard\">\u200b<\/span><\/p><p class=\"font_8\">You can delete and block all cookies from this site, but part of the site will not function or the quality of the web page may be affected.<\/p><p class=\"font_8\">If you have any questions about our cookie policy, you can contact this website through our Contact channels.<\/p>\t\t\t\t\t\t\t\t<\/div>\n\t\t\t\t<\/div>\n\t\t\t\t\t<\/div>\n\t\t<\/div>\n\t\t\t\t\t<\/div>\n\t\t<\/section>\n\t\t\t\t<\/div>\n\t\t","protected":false},"excerpt":{"rendered":"<p>\u2013 COOKIES POLICY \u2013 In compliance with the provisions of article 22.2 of Law 34\/2002, of July 11, on Information Society Services and Electronic Commerce, this website informs you, in this section, about the collection policy and cookie processing. \u200b WHAT ARE COOKIES? A cookie is a file that is downloaded to your computer when [&hellip;]<\/p>\n","protected":false},"author":2,"featured_media":0,"parent":0,"menu_order":0,"comment_status":"closed","ping_status":"closed","template":"elementor_header_footer","meta":{"footnotes":""},"class_list":["post-8038","page","type-page","status-publish","hentry"],"_links":{"self":[{"href":"https:\/\/cmtm-mexico.com\/en\/wp-json\/wp\/v2\/pages\/8038","targetHints":{"allow":["GET"]}}],"collection":[{"href":"https:\/\/cmtm-mexico.com\/en\/wp-json\/wp\/v2\/pages"}],"about":[{"href":"https:\/\/cmtm-mexico.com\/en\/wp-json\/wp\/v2\/types\/page"}],"author":[{"embeddable":true,"href":"https:\/\/cmtm-mexico.com\/en\/wp-json\/wp\/v2\/users\/2"}],"replies":[{"embeddable":true,"href":"https:\/\/cmtm-mexico.com\/en\/wp-json\/wp\/v2\/comments?post=8038"}],"version-history":[{"count":4,"href":"https:\/\/cmtm-mexico.com\/en\/wp-json\/wp\/v2\/pages\/8038\/revisions"}],"predecessor-version":[{"id":8042,"href":"https:\/\/cmtm-mexico.com\/en\/wp-json\/wp\/v2\/pages\/8038\/revisions\/8042"}],"wp:attachment":[{"href":"https:\/\/cmtm-mexico.com\/en\/wp-json\/wp\/v2\/media?parent=8038"}],"curies":[{"name":"wp","href":"https:\/\/api.w.org\/{rel}","templated":true}]}}